{"id":283,"date":"2020-08-17T16:14:08","date_gmt":"2020-08-17T16:14:08","guid":{"rendered":"https:\/\/demo.creativethemes.com\/blocksy\/business\/?page_id=283"},"modified":"2024-05-24T14:20:00","modified_gmt":"2024-05-24T19:20:00","slug":"blog","status":"publish","type":"page","link":"https:\/\/axmaxbooks.com\/es\/blog\/","title":{"rendered":"Blog"},"content":{"rendered":"<div class=\"wp-block-stackable-spacer stk-block-spacer stk--no-padding stk-block stk-5cfcfd1\" data-block-id=\"5cfcfd1\"><style>.stk-5cfcfd1{height:50px !important}@media screen and (max-width:689px){.stk-5cfcfd1{height:20px !important}}<\/style><\/div>\n\n\n\n<div class=\"wp-block-stackable-image stk-block-image stk-block stk-4a4888a\" data-block-id=\"4a4888a\"><figure><a class=\"stk-link\" href=\"https:\/\/www.amazon.com\/stores\/Axel-Maldonado\/author\/B0C6C5MC66\" target=\"_blank\" rel=\"noreferrer noopener\"><span class=\"stk-img-wrapper stk-image--shape-stretch\"><img loading=\"lazy\" decoding=\"async\" class=\"stk-img wp-image-3403\" src=\"https:\/\/axmaxbooks.com\/wp-content\/uploads\/2024\/05\/Hello-February-Facebook-Banner.webp\" width=\"1640\" height=\"924\" alt=\"Blog\" srcset=\"https:\/\/axmaxbooks.com\/wp-content\/uploads\/2024\/05\/Hello-February-Facebook-Banner.webp 1640w, https:\/\/axmaxbooks.com\/wp-content\/uploads\/2024\/05\/Hello-February-Facebook-Banner-300x169.webp 300w, https:\/\/axmaxbooks.com\/wp-content\/uploads\/2024\/05\/Hello-February-Facebook-Banner-600x338.webp 600w, https:\/\/axmaxbooks.com\/wp-content\/uploads\/2024\/05\/Hello-February-Facebook-Banner-1024x577.webp 1024w, https:\/\/axmaxbooks.com\/wp-content\/uploads\/2024\/05\/Hello-February-Facebook-Banner-768x433.webp 768w, https:\/\/axmaxbooks.com\/wp-content\/uploads\/2024\/05\/Hello-February-Facebook-Banner-1536x865.webp 1536w, https:\/\/axmaxbooks.com\/wp-content\/uploads\/2024\/05\/Hello-February-Facebook-Banner-18x10.webp 18w\" sizes=\"auto, (max-width: 1640px) 100vw, 1640px\" \/><\/span><\/a><\/figure><\/div>\n\n\n\n<div class=\"wp-block-stackable-columns stk-block-columns stk-block stk-85c1023\" data-block-id=\"85c1023\"><div class=\"stk-row stk-inner-blocks stk-block-content stk-content-align stk-85c1023-column\">\n<div class=\"wp-block-stackable-column stk-block-column stk-column stk-block stk-9915e61\" data-v=\"4\" data-block-id=\"9915e61\"><div class=\"stk-column-wrapper stk-block-column__content stk-container stk-9915e61-container stk--no-background stk--no-padding\"><div class=\"stk-block-content stk-inner-blocks stk-9915e61-inner-blocks\">\n<h2 class=\"wp-block-heading has-palette-color-4-color has-palette-color-2-background-color has-text-color has-background has-link-color wp-elements-3a7800557ad359b1f15a34f53970f0ae\" style=\"padding-top:var(--wp--preset--spacing--40);padding-right:var(--wp--preset--spacing--50);padding-bottom:var(--wp--preset--spacing--40);padding-left:var(--wp--preset--spacing--50)\">Discover Tips for Success in Digital Publishing in our Blog<\/h2>\n\n\n\n<p><strong>Our blog serves as a guiding light for authors navigating digital publishing.<\/strong> We provide<strong> insights, tips, and guides<\/strong> to demystify the process and empower writers. Covering e-book formatting, social media marketing, and emerging trends, we equip authors with the tools to thrive in today&#8217;s market. By fostering a community of informed writers, we aim to inspire success in the digital age.<\/p>\n\n\n\n<p class=\"has-palette-color-4-color has-text-color has-link-color wp-elements-110b7da33c54b69425322a8b0c6b1c17\">You can take a look to our published books <a href=\"https:\/\/axmaxbooks.com\/es\/book-titles-catalog\/\" data-type=\"page\" data-id=\"807\">here<\/a><\/p>\n<\/div><\/div><\/div>\n<\/div><\/div>\n\n\n\n<div class=\"wp-block-stackable-posts stk-block-posts stk-block stk-ca01f2e is-style-default\" data-v=\"2\" data-block-id=\"ca01f2e\"><style>.stk-ca01f2e .stk-img-wrapper{width:100% !important}<\/style><div class=\"stk-inner-blocks stk-content-align stk-ca01f2e-column\"><div class=\"stk-block-posts__items\"><div class=\"stk-block-posts__item\"><div class=\"stk-container stk-ca01f2e-container stk--no-background stk--no-padding\"><article><h3 class=\"stk-block-posts__title\"><a href=\"https:\/\/axmaxbooks.com\/es\/how-adopting-a-happy-puppy-can-change-your-life\/\">How Adopting a Happy Puppy can Bring Joy and Fulfillment to Your Life<\/a><\/h3><a href=\"https:\/\/axmaxbooks.com\/es\/how-adopting-a-happy-puppy-can-change-your-life\/\" class=\"stk-block-posts__image-link\"><figure class=\"stk-img-wrapper stk-image--shape-stretch\"><img loading=\"lazy\" decoding=\"async\" width=\"600\" height=\"315\" src=\"https:\/\/axmaxbooks.com\/wp-content\/uploads\/2024\/05\/5-4-webp.jpg\" class=\"attachment-full size-full wp-post-image\" alt=\"\" srcset=\"https:\/\/axmaxbooks.com\/wp-content\/uploads\/2024\/05\/5-4-webp.jpg 600w, https:\/\/axmaxbooks.com\/wp-content\/uploads\/2024\/05\/5-4-300x158.webp 300w, https:\/\/axmaxbooks.com\/wp-content\/uploads\/2024\/05\/5-4-18x9.webp 18w\" sizes=\"auto, (max-width: 600px) 100vw, 600px\" \/><\/figure><\/a><aside class=\"stk-block-posts__meta stk-subtitle\"><span>Axel Maldonado<\/span><span class=\"stk-block-posts__meta-sep\">\u00b7<\/span><time datetime=\"2024-05-25T00:29:53-05:00\">25\/05\/2024<\/time><span class=\"stk-block-posts__meta-sep\">\u00b7<\/span><span>0 comments<\/span><\/aside><div class=\"stk-block-posts__category stk-subtitle\"><a href=\"https:\/\/axmaxbooks.com\/es\/axmax-blog\/\" rel=\"category tag\">AxMax Blog<\/a><\/div><div class=\"stk-block-posts__excerpt\"><p>Adopting a Happy Puppy? Are you feeling a void in your life that needs filling? Look no further than adopting a happy puppy! Bringing a furry friend into your home can bring immeasurable joy and fulfillment. Not only do puppies provide unconditional love and companionship, but they also have a way of brightening even the&hellip;<\/p>\n<\/div><a class=\"stk-block-posts__readmore\" href=\"https:\/\/axmaxbooks.com\/es\/how-adopting-a-happy-puppy-can-change-your-life\/\">See all<\/a><\/article><\/div><\/div><div class=\"stk-block-posts__item\"><div class=\"stk-container stk-ca01f2e-container stk--no-background stk--no-padding\"><article><h3 class=\"stk-block-posts__title\"><a href=\"https:\/\/axmaxbooks.com\/es\/50-palabras-con-w-en-espanol\/\">50 palabras con W en Espa\u00f1ol<\/a><\/h3><a href=\"https:\/\/axmaxbooks.com\/es\/50-palabras-con-w-en-espanol\/\" class=\"stk-block-posts__image-link\"><figure class=\"stk-img-wrapper stk-image--shape-stretch\"><img loading=\"lazy\" decoding=\"async\" width=\"600\" height=\"315\" src=\"https:\/\/axmaxbooks.com\/wp-content\/uploads\/2024\/05\/Copia-de-post-for-ALL-COVERS-Coloring-book-600-x-315-px-1200-x-680-px-600-x-315-px.png\" class=\"attachment-full size-full wp-post-image\" alt=\"\" srcset=\"https:\/\/axmaxbooks.com\/wp-content\/uploads\/2024\/05\/Copia-de-post-for-ALL-COVERS-Coloring-book-600-x-315-px-1200-x-680-px-600-x-315-px.png 600w, https:\/\/axmaxbooks.com\/wp-content\/uploads\/2024\/05\/Copia-de-post-for-ALL-COVERS-Coloring-book-600-x-315-px-1200-x-680-px-600-x-315-px-300x158.png 300w, https:\/\/axmaxbooks.com\/wp-content\/uploads\/2024\/05\/Copia-de-post-for-ALL-COVERS-Coloring-book-600-x-315-px-1200-x-680-px-600-x-315-px-18x9.png 18w\" sizes=\"auto, (max-width: 600px) 100vw, 600px\" \/><\/figure><\/a><aside class=\"stk-block-posts__meta stk-subtitle\"><span>Axel Maldonado<\/span><span class=\"stk-block-posts__meta-sep\">\u00b7<\/span><time datetime=\"2024-05-24T00:03:36-05:00\">24\/05\/2024<\/time><span class=\"stk-block-posts__meta-sep\">\u00b7<\/span><span>0 comments<\/span><\/aside><div class=\"stk-block-posts__category stk-subtitle\"><a href=\"https:\/\/axmaxbooks.com\/es\/axmax-blog\/\" rel=\"category tag\">AxMax Blog<\/a>, <a href=\"https:\/\/axmaxbooks.com\/es\/language-learning\/\" rel=\"category tag\">Language Learning<\/a><\/div><div class=\"stk-block-posts__excerpt\"><p>\u00a1Descubre las 50 Palabras con W en Espa\u00f1ol y Domina tu Pronunciaci\u00f3n! Language Article: Spanish Conoces el origen de la letra W? La dobre v o &#8220;W&#8221; es la vig\u00e9simo cuarta en el alfabeto. Cuenta con 39 palabras que la utilizan como inicial en el diccionario espa\u00f1ol. A pesar de ser conocida como ve doble,&hellip;<\/p>\n<\/div><a class=\"stk-block-posts__readmore\" href=\"https:\/\/axmaxbooks.com\/es\/50-palabras-con-w-en-espanol\/\">See all<\/a><\/article><\/div><\/div><div class=\"stk-block-posts__item\"><div class=\"stk-container stk-ca01f2e-container stk--no-background stk--no-padding\"><article><h3 class=\"stk-block-posts__title\"><a href=\"https:\/\/axmaxbooks.com\/es\/los-10-pasos-clave-para-escribir-tu-primer-libro\/\">Los 10 Pasos Clave para Escribir tu Primer Libro<\/a><\/h3><a href=\"https:\/\/axmaxbooks.com\/es\/los-10-pasos-clave-para-escribir-tu-primer-libro\/\" class=\"stk-block-posts__image-link\"><figure class=\"stk-img-wrapper stk-image--shape-stretch\"><img loading=\"lazy\" decoding=\"async\" width=\"2560\" height=\"1440\" src=\"https:\/\/axmaxbooks.com\/wp-content\/uploads\/2024\/05\/woman-coming-up-with-new-ideas-blog-scaled.jpg\" class=\"attachment-full size-full wp-post-image\" alt=\"write a book\" srcset=\"https:\/\/axmaxbooks.com\/wp-content\/uploads\/2024\/05\/woman-coming-up-with-new-ideas-blog-scaled.jpg 2560w, https:\/\/axmaxbooks.com\/wp-content\/uploads\/2024\/05\/woman-coming-up-with-new-ideas-blog-300x169.jpg 300w, https:\/\/axmaxbooks.com\/wp-content\/uploads\/2024\/05\/woman-coming-up-with-new-ideas-blog-scaled-600x338.jpg 600w, https:\/\/axmaxbooks.com\/wp-content\/uploads\/2024\/05\/woman-coming-up-with-new-ideas-blog-1024x576.jpg 1024w, https:\/\/axmaxbooks.com\/wp-content\/uploads\/2024\/05\/woman-coming-up-with-new-ideas-blog-768x432.jpg 768w, https:\/\/axmaxbooks.com\/wp-content\/uploads\/2024\/05\/woman-coming-up-with-new-ideas-blog-1536x864.jpg 1536w, https:\/\/axmaxbooks.com\/wp-content\/uploads\/2024\/05\/woman-coming-up-with-new-ideas-blog-2048x1152.jpg 2048w, https:\/\/axmaxbooks.com\/wp-content\/uploads\/2024\/05\/woman-coming-up-with-new-ideas-blog-18x10.jpg 18w\" sizes=\"auto, (max-width: 2560px) 100vw, 2560px\" \/><\/figure><\/a><aside class=\"stk-block-posts__meta stk-subtitle\"><span>Axel Maldonado<\/span><span class=\"stk-block-posts__meta-sep\">\u00b7<\/span><time datetime=\"2024-05-15T20:54:31-05:00\">15\/05\/2024<\/time><span class=\"stk-block-posts__meta-sep\">\u00b7<\/span><span>0 comments<\/span><\/aside><div class=\"stk-block-posts__category stk-subtitle\"><a href=\"https:\/\/axmaxbooks.com\/es\/axmax-blog\/\" rel=\"category tag\">AxMax Blog<\/a>, <a href=\"https:\/\/axmaxbooks.com\/es\/books\/\" rel=\"category tag\">Books<\/a>, <a href=\"https:\/\/axmaxbooks.com\/es\/news\/\" rel=\"category tag\">News<\/a>, <a href=\"https:\/\/axmaxbooks.com\/es\/publish-a-book\/\" rel=\"category tag\">publish a book<\/a><\/div><div class=\"stk-block-posts__excerpt\"><p>Los 10 Pasos Clave para Escribir tu Primer Libro Escribir un libro puede parecer una tarea monumental, pero con la planificaci\u00f3n adecuada y un enfoque disciplinado, cualquiera puede lograrlo. Ya sea que tengas una idea que llevas tiempo queriendo desarrollar o simplemente est\u00e9s comenzando desde cero, estos 10 pasos te guiar\u00e1n en el proceso de&hellip;<\/p>\n<\/div><a class=\"stk-block-posts__readmore\" href=\"https:\/\/axmaxbooks.com\/es\/los-10-pasos-clave-para-escribir-tu-primer-libro\/\">See all<\/a><\/article><\/div><\/div><div class=\"stk-block-posts__item\"><div class=\"stk-container stk-ca01f2e-container stk--no-background stk--no-padding\"><article><h3 class=\"stk-block-posts__title\"><a href=\"https:\/\/axmaxbooks.com\/es\/the-perfect-mothers-day-gift-a-coloring-book\/\">The Perfect Mother&#039;s Day Gift: A Coloring Book<\/a><\/h3><a href=\"https:\/\/axmaxbooks.com\/es\/the-perfect-mothers-day-gift-a-coloring-book\/\" class=\"stk-block-posts__image-link\"><figure class=\"stk-img-wrapper stk-image--shape-stretch\"><img loading=\"lazy\" decoding=\"async\" width=\"600\" height=\"315\" src=\"https:\/\/axmaxbooks.com\/wp-content\/uploads\/2024\/05\/1-4-webp.jpg\" class=\"attachment-full size-full wp-post-image\" alt=\"\" srcset=\"https:\/\/axmaxbooks.com\/wp-content\/uploads\/2024\/05\/1-4-webp.jpg 600w, https:\/\/axmaxbooks.com\/wp-content\/uploads\/2024\/05\/1-4-300x158.webp 300w, https:\/\/axmaxbooks.com\/wp-content\/uploads\/2024\/05\/1-4-18x9.webp 18w\" sizes=\"auto, (max-width: 600px) 100vw, 600px\" \/><\/figure><\/a><aside class=\"stk-block-posts__meta stk-subtitle\"><span>Axel Maldonado<\/span><span class=\"stk-block-posts__meta-sep\">\u00b7<\/span><time datetime=\"2024-05-12T19:34:39-05:00\">12\/05\/2024<\/time><span class=\"stk-block-posts__meta-sep\">\u00b7<\/span><span>0 comments<\/span><\/aside><div class=\"stk-block-posts__category stk-subtitle\"><a href=\"https:\/\/axmaxbooks.com\/es\/axmax-blog\/\" rel=\"category tag\">AxMax Blog<\/a>, <a href=\"https:\/\/axmaxbooks.com\/es\/in-bloom-coloring-books\/\" rel=\"category tag\">IN-Bloom Coloring Books<\/a><\/div><div class=\"stk-block-posts__excerpt\"><p>Mother\u2019s Day, a day dedicated to celebrating the remarkable women who have shaped our lives, is fast approaching. While the search for the perfect gift can often be a daunting task, there\u2019s one timeless option that\u2019s both heartfelt and practical: a coloring book. At first glance, a coloring book may seem like a simple or&hellip;<\/p>\n<\/div><a class=\"stk-block-posts__readmore\" href=\"https:\/\/axmaxbooks.com\/es\/the-perfect-mothers-day-gift-a-coloring-book\/\">See all<\/a><\/article><\/div><\/div><div class=\"stk-block-posts__item\"><div class=\"stk-container stk-ca01f2e-container stk--no-background stk--no-padding\"><article><h3 class=\"stk-block-posts__title\"><a href=\"https:\/\/axmaxbooks.com\/es\/cats-in-bloom-collection\/\">Cats in Bloom Collection<\/a><\/h3><a href=\"https:\/\/axmaxbooks.com\/es\/cats-in-bloom-collection\/\" class=\"stk-block-posts__image-link\"><figure class=\"stk-img-wrapper stk-image--shape-stretch\"><img loading=\"lazy\" decoding=\"async\" width=\"1200\" height=\"680\" src=\"https:\/\/axmaxbooks.com\/wp-content\/uploads\/2024\/05\/post_pic039-webp.jpg\" class=\"attachment-full size-full wp-post-image\" alt=\"\" srcset=\"https:\/\/axmaxbooks.com\/wp-content\/uploads\/2024\/05\/post_pic039-webp.jpg 1200w, https:\/\/axmaxbooks.com\/wp-content\/uploads\/2024\/05\/post_pic039-300x170.webp 300w, https:\/\/axmaxbooks.com\/wp-content\/uploads\/2024\/05\/post_pic039-600x340.webp 600w, https:\/\/axmaxbooks.com\/wp-content\/uploads\/2024\/05\/post_pic039-1024x580.webp 1024w, https:\/\/axmaxbooks.com\/wp-content\/uploads\/2024\/05\/post_pic039-768x435.webp 768w, https:\/\/axmaxbooks.com\/wp-content\/uploads\/2024\/05\/post_pic039-18x10.webp 18w\" sizes=\"auto, (max-width: 1200px) 100vw, 1200px\" \/><\/figure><\/a><aside class=\"stk-block-posts__meta stk-subtitle\"><span>Axel Maldonado<\/span><span class=\"stk-block-posts__meta-sep\">\u00b7<\/span><time datetime=\"2023-11-24T15:40:03-05:00\">24\/11\/2023<\/time><span class=\"stk-block-posts__meta-sep\">\u00b7<\/span><span>0 comments<\/span><\/aside><div class=\"stk-block-posts__category stk-subtitle\"><a href=\"https:\/\/axmaxbooks.com\/es\/axmax-blog\/\" rel=\"category tag\">AxMax Blog<\/a>, <a href=\"https:\/\/axmaxbooks.com\/es\/in-bloom-coloring-books\/\" rel=\"category tag\">IN-Bloom Coloring Books<\/a><\/div><div class=\"stk-block-posts__excerpt\"><p>NEW CATS ON THE BLOCK!<br \/>\nGet ready to enjoy our newest title of the IN BLOOM Coloring Book Collection &#8211; read more<\/p>\n<\/div><a class=\"stk-block-posts__readmore\" href=\"https:\/\/axmaxbooks.com\/es\/cats-in-bloom-collection\/\">See all<\/a><\/article><\/div><\/div><div class=\"stk-block-posts__item\"><div class=\"stk-container stk-ca01f2e-container stk--no-background stk--no-padding\"><article><h3 class=\"stk-block-posts__title\"><a href=\"https:\/\/axmaxbooks.com\/es\/coloring-books-and-their-importance\/\">Libros para Colorear<\/a><\/h3><a href=\"https:\/\/axmaxbooks.com\/es\/coloring-books-and-their-importance\/\" class=\"stk-block-posts__image-link\"><figure class=\"stk-img-wrapper stk-image--shape-stretch\"><img loading=\"lazy\" decoding=\"async\" width=\"640\" height=\"360\" src=\"https:\/\/axmaxbooks.com\/wp-content\/uploads\/2020\/08\/istockphoto-1336300598-640x640-1.jpg\" class=\"attachment-full size-full wp-post-image\" alt=\"\" srcset=\"https:\/\/axmaxbooks.com\/wp-content\/uploads\/2020\/08\/istockphoto-1336300598-640x640-1.jpg 640w, https:\/\/axmaxbooks.com\/wp-content\/uploads\/2020\/08\/istockphoto-1336300598-640x640-1-300x169.jpg 300w, https:\/\/axmaxbooks.com\/wp-content\/uploads\/2020\/08\/istockphoto-1336300598-640x640-1-600x338.jpg 600w\" sizes=\"auto, (max-width: 640px) 100vw, 640px\" \/><\/figure><\/a><aside class=\"stk-block-posts__meta stk-subtitle\"><span>Axel Maldonado<\/span><span class=\"stk-block-posts__meta-sep\">\u00b7<\/span><time datetime=\"2020-08-18T16:29:12-05:00\">18\/08\/2020<\/time><span class=\"stk-block-posts__meta-sep\">\u00b7<\/span><span>0 comments<\/span><\/aside><div class=\"stk-block-posts__category stk-subtitle\"><a href=\"https:\/\/axmaxbooks.com\/es\/axmax-blog\/\" rel=\"category tag\">AxMax Blog<\/a>, <a href=\"https:\/\/axmaxbooks.com\/es\/in-bloom-coloring-books\/\" rel=\"category tag\">IN-Bloom Coloring Books<\/a><\/div><div class=\"stk-block-posts__excerpt\"><p>The importance of coloring books What are the advantages of coloring books?The advantages of these educational resources can be many. In fact, many teachers use them for complementary activities in their classes. They help to know the colorsThis is something basic. Thanks to these books you begin to know the basic colors. However, there is&hellip;<\/p>\n<\/div><a class=\"stk-block-posts__readmore\" href=\"https:\/\/axmaxbooks.com\/es\/coloring-books-and-their-importance\/\">See all<\/a><\/article><\/div><\/div><\/div><div class=\"stk-inner-blocks\"><\/div><\/div><\/div>","protected":false},"excerpt":{"rendered":"<p>Discover Tips for Success in Digital Publishing in our Blog Our blog serves as a guiding light for authors navigating digital publishing. We provide insights, tips, and guides to demystify the process and empower writers. Covering e-book formatting, social media marketing, and emerging trends, we equip authors with the tools to thrive in today&#8217;s market. [&hellip;]<\/p>\n","protected":false},"author":1,"featured_media":2799,"parent":0,"menu_order":0,"comment_status":"closed","ping_status":"closed","template":"","meta":{"_joinchat":[],"footnotes":""},"class_list":["post-283","page","type-page","status-publish","has-post-thumbnail","hentry"],"blocksy_meta":[],"_links":{"self":[{"href":"https:\/\/axmaxbooks.com\/es\/wp-json\/wp\/v2\/pages\/283","targetHints":{"allow":["GET"]}}],"collection":[{"href":"https:\/\/axmaxbooks.com\/es\/wp-json\/wp\/v2\/pages"}],"about":[{"href":"https:\/\/axmaxbooks.com\/es\/wp-json\/wp\/v2\/types\/page"}],"author":[{"embeddable":true,"href":"https:\/\/axmaxbooks.com\/es\/wp-json\/wp\/v2\/users\/1"}],"replies":[{"embeddable":true,"href":"https:\/\/axmaxbooks.com\/es\/wp-json\/wp\/v2\/comments?post=283"}],"version-history":[{"count":19,"href":"https:\/\/axmaxbooks.com\/es\/wp-json\/wp\/v2\/pages\/283\/revisions"}],"predecessor-version":[{"id":3593,"href":"https:\/\/axmaxbooks.com\/es\/wp-json\/wp\/v2\/pages\/283\/revisions\/3593"}],"wp:featuredmedia":[{"embeddable":true,"href":"https:\/\/axmaxbooks.com\/es\/wp-json\/wp\/v2\/media\/2799"}],"wp:attachment":[{"href":"https:\/\/axmaxbooks.com\/es\/wp-json\/wp\/v2\/media?parent=283"}],"curies":[{"name":"wp","href":"https:\/\/api.w.org\/{rel}","templated":true}]}}