{"id":1757,"date":"2024-05-15T12:41:53","date_gmt":"2024-05-15T17:41:53","guid":{"rendered":"https:\/\/axmaxbooks.com\/?page_id=1757"},"modified":"2024-05-15T12:41:54","modified_gmt":"2024-05-15T17:41:54","slug":"correccion-de-textos","status":"publish","type":"page","link":"https:\/\/axmaxbooks.com\/es\/correccion-de-textos\/","title":{"rendered":"Correcci\u00f3n de Textos"},"content":{"rendered":"<div class=\"wp-block-stackable-columns stk-block-columns stk-block stk-59ad0a2\" data-block-id=\"59ad0a2\"><div class=\"stk-row stk-inner-blocks stk-block-content stk-content-align stk-59ad0a2-column\">\n<div class=\"wp-block-stackable-column stk-block-column stk-column stk-block stk-4059722\" data-v=\"4\" data-block-id=\"4059722\"><div class=\"stk-column-wrapper stk-block-column__content stk-container stk-4059722-container stk--no-background stk--no-padding\"><div class=\"stk-block-content stk-inner-blocks stk-4059722-inner-blocks\">\n<div class=\"wp-block-stackable-image stk-block-image stk-block stk-ebf0f2f\" data-block-id=\"ebf0f2f\"><figure><span class=\"stk-img-wrapper stk-image--shape-stretch\"><img loading=\"lazy\" decoding=\"async\" class=\"stk-img wp-image-1758\" src=\"https:\/\/axmaxbooks.com\/wp-content\/uploads\/2024\/05\/images.jpeg\" width=\"275\" height=\"183\" alt=\"Correccion de textos\"\/><\/span><\/figure><\/div>\n<\/div><\/div><\/div>\n\n\n\n<div class=\"wp-block-stackable-column stk-block-column stk-column stk-block stk-1c602ae\" data-v=\"4\" data-block-id=\"1c602ae\"><div class=\"stk-column-wrapper stk-block-column__content stk-container stk-1c602ae-container stk--no-background stk--no-padding\"><div class=\"stk-block-content stk-inner-blocks stk-1c602ae-inner-blocks\">\n<p class=\"has-palette-color-2-background-color has-background has-large-font-size\"><strong>Correcci\u00f3n de Textos<\/strong><\/p>\n\n\n\n<p>Nuestras palabras reflejan quienes somos. Un simple error ortogr\u00e1fico, una estructura confusa o una gram\u00e1tica descuidada pueden opacar tu texto; el mensaje se diluir\u00e1 y, con ello, se perder\u00e1n horas de esfuerzo.<\/p>\n\n\n\n<p>Una cuidadosa correcci\u00f3n de textos se enfoca en revisar y pulir tu obra para otorgarle claridad y concisi\u00f3n, asegurando as\u00ed que el lector capte fielmente el mensaje que deseas transmitir.<\/p>\n<\/div><\/div><\/div>\n<\/div><\/div>\n\n\n\n<div class=\"wp-block-stackable-columns stk-block-columns stk-block stk-270570a\" data-block-id=\"270570a\"><div class=\"stk-row stk-inner-blocks stk-block-content stk-content-align stk-270570a-column\">\n<div class=\"wp-block-stackable-column stk-block-column stk-column stk-block stk-e96aaa0\" data-v=\"4\" data-block-id=\"e96aaa0\"><div class=\"stk-column-wrapper stk-block-column__content stk-container stk-e96aaa0-container stk--no-background stk--no-padding\"><div class=\"stk-block-content stk-inner-blocks stk-e96aaa0-inner-blocks\">\n<p class=\"has-large-font-size\"><strong>\u00bfQu\u00e9 tipos de correcci\u00f3n realizamos?<\/strong><\/p>\n\n\n\n<p><strong>Correcci\u00f3n ortotipogr\u00e1fica<\/strong><br>Nos enfocamos en la correcci\u00f3n de errores ortogr\u00e1ficos y gramaticales, identificando erratas, puntuaciones incorrectas o construcciones problem\u00e1ticas. Unificamos el texto desde un punto de vista formal, siguiendo las normas de la Real Academia Espa\u00f1ola (may\u00fasculas, tildes, abreviaturas, cifras) y utilizando correctamente los diferentes recursos tipogr\u00e1ficos (comillas, cursivas, negritas, versalitas). Eliminamos todas las incorrecciones y revisamos la coherencia en la maquetaci\u00f3n.<\/p>\n\n\n\n<p><strong>Correcci\u00f3n de estilo<\/strong><br>Revisamos todos los errores del texto atendiendo a la coherencia y estructuraci\u00f3n desde un punto de vista ling\u00fc\u00edstico, sint\u00e1ctico, l\u00e9xico y sem\u00e1ntico. Eliminamos las incorrecciones gramaticales producto de una redacci\u00f3n deficiente o un uso inadecuado de las normas del espa\u00f1ol, evaluamos la idoneidad del vocabulario y detectamos repeticiones, inconsistencias sint\u00e1cticas, cacofon\u00edas, calcos de otros idiomas, verbos clich\u00e9s o impropiedades l\u00e9xicas.<\/p>\n\n\n\n<p><strong>Correcci\u00f3n de contenido<\/strong><br>Con amplia experiencia en la correcci\u00f3n y revisi\u00f3n de textos de las humanidades y ciencias sociales (historia, arqueolog\u00eda, historia del arte, m\u00fasica, literatura, ling\u00fc\u00edstica, ciencias pol\u00edticas, educaci\u00f3n, geograf\u00eda, filosof\u00eda, antropolog\u00eda, sociolog\u00eda, psicolog\u00eda, econom\u00eda\u2026), revisamos tus manuscritos para identificar sus debilidades y proponer alternativas que nos permitan construir juntos trabajos coherentes y rigurosos.<\/p>\n\n\n\n<p><\/p>\n\n\n\n<p><\/p>\n<\/div><\/div><\/div>\n<\/div><\/div>","protected":false},"excerpt":{"rendered":"<p>Correcci\u00f3n de Textos Nuestras palabras reflejan quienes somos. Un simple error ortogr\u00e1fico, una estructura confusa o una gram\u00e1tica descuidada pueden opacar tu texto; el mensaje se diluir\u00e1 y, con ello, se perder\u00e1n horas de esfuerzo. Una cuidadosa correcci\u00f3n de textos se enfoca en revisar y pulir tu obra para otorgarle claridad y concisi\u00f3n, asegurando as\u00ed [&hellip;]<\/p>\n","protected":false},"author":1,"featured_media":0,"parent":0,"menu_order":0,"comment_status":"closed","ping_status":"closed","template":"","meta":{"_joinchat":[],"footnotes":""},"class_list":["post-1757","page","type-page","status-publish","hentry"],"blocksy_meta":[],"_links":{"self":[{"href":"https:\/\/axmaxbooks.com\/es\/wp-json\/wp\/v2\/pages\/1757","targetHints":{"allow":["GET"]}}],"collection":[{"href":"https:\/\/axmaxbooks.com\/es\/wp-json\/wp\/v2\/pages"}],"about":[{"href":"https:\/\/axmaxbooks.com\/es\/wp-json\/wp\/v2\/types\/page"}],"author":[{"embeddable":true,"href":"https:\/\/axmaxbooks.com\/es\/wp-json\/wp\/v2\/users\/1"}],"replies":[{"embeddable":true,"href":"https:\/\/axmaxbooks.com\/es\/wp-json\/wp\/v2\/comments?post=1757"}],"version-history":[{"count":1,"href":"https:\/\/axmaxbooks.com\/es\/wp-json\/wp\/v2\/pages\/1757\/revisions"}],"predecessor-version":[{"id":1759,"href":"https:\/\/axmaxbooks.com\/es\/wp-json\/wp\/v2\/pages\/1757\/revisions\/1759"}],"wp:attachment":[{"href":"https:\/\/axmaxbooks.com\/es\/wp-json\/wp\/v2\/media?parent=1757"}],"curies":[{"name":"wp","href":"https:\/\/api.w.org\/{rel}","templated":true}]}}